{"id":870,"date":"2020-06-25T18:52:45","date_gmt":"2020-06-25T23:52:45","guid":{"rendered":"https:\/\/renovasolution.com\/services\/"},"modified":"2023-08-15T14:36:13","modified_gmt":"2023-08-15T20:36:13","slug":"services","status":"publish","type":"page","link":"https:\/\/renovasolution.com\/en\/services\/","title":{"rendered":"Services"},"content":{"rendered":"<p>[et_pb_section fb_built=&#8221;1&#8243; next_background_color=&#8221;#ffffff&#8221; _builder_version=&#8221;4.20.4&#8243; use_background_color_gradient=&#8221;on&#8221; background_color_gradient_stops=&#8221;#408cc8 0%|#2771b3 100%&#8221; background_image=&#8221;https:\/\/renovasolution.com\/wp-content\/uploads\/2023\/05\/renova-solutions-recycle-2.png&#8221; background_size=&#8221;contain&#8221; background_position=&#8221;bottom_right&#8221; background_horizontal_offset=&#8221;0%&#8221; bottom_divider_style=&#8221;ramp2&#8243; bottom_divider_flip=&#8221;horizontal&#8221; global_colors_info=&#8221;{}&#8221;][et_pb_row _builder_version=&#8221;4.16&#8243; global_colors_info=&#8221;{}&#8221;][et_pb_column type=&#8221;4_4&#8243; _builder_version=&#8221;4.16&#8243; global_colors_info=&#8221;{}&#8221;][et_pb_code _builder_version=&#8221;4.16&#8243; global_colors_info=&#8221;{}&#8221;][\/et_pb_code][et_pb_text admin_label=&#8221;Title&#8221; _builder_version=&#8221;4.20.4&#8243; text_font=&#8221;||||||||&#8221; header_font=&#8221;||||||||&#8221; header_2_font=&#8221;Oswald|600|on|on|||||&#8221; header_2_text_align=&#8221;left&#8221; header_2_font_size=&#8221;3vw&#8221; header_2_letter_spacing=&#8221;0.1em&#8221; header_2_line_height=&#8221;1.4em&#8221; background_layout=&#8221;dark&#8221; custom_margin=&#8221;||||false|false&#8221; custom_margin_tablet=&#8221;|||0vw&#8221; custom_margin_phone=&#8221;||0px&#8221; custom_margin_last_edited=&#8221;on|phone&#8221; custom_padding=&#8221;||||false|false&#8221; animation_style=&#8221;slide&#8221; animation_direction=&#8221;left&#8221; animation_delay=&#8221;100ms&#8221; animation_intensity_slide=&#8221;10%&#8221; header_2_font_size_tablet=&#8221;7.5vw&#8221; header_2_font_size_phone=&#8221;&#8221; header_2_font_size_last_edited=&#8221;on|desktop&#8221; locked=&#8221;off&#8221; global_colors_info=&#8221;{}&#8221;]<\/p>\n<h2>Services<\/h2>\n<p>[\/et_pb_text][\/et_pb_column][\/et_pb_row][\/et_pb_section][et_pb_section fb_built=&#8221;1&#8243; _builder_version=&#8221;4.20.4&#8243; _module_preset=&#8221;default&#8221; global_colors_info=&#8221;{}&#8221;][et_pb_row _builder_version=&#8221;4.20.4&#8243; _module_preset=&#8221;default&#8221; global_colors_info=&#8221;{}&#8221;][et_pb_column type=&#8221;4_4&#8243; _builder_version=&#8221;4.20.4&#8243; _module_preset=&#8221;default&#8221; global_colors_info=&#8221;{}&#8221;][et_pb_portfolio _builder_version=&#8221;4.20.4&#8243; _module_preset=&#8221;default&#8221; include_categories=&#8221;23&#8243; show_categories=&#8221;off&#8221; show_pagination=&#8221;off&#8221; fullwidth=&#8221;off&#8221; hover_enabled=&#8221;0&#8243; sticky_enabled=&#8221;0&#8243; zoom_icon_color=&#8221;#FFFFFF&#8221; hover_overlay_color=&#8221;rgba(12,74,118,0.73)&#8221; border_radii_image=&#8221;on|20px|20px|20px|20px&#8221; border_width_all_image=&#8221;6px&#8221; border_color_all_image=&#8221;#FFFFFF&#8221; box_shadow_style_image=&#8221;preset1&#8243; title_text_color=&#8221;#0c4a76&#8243; title_text_align=&#8221;center&#8221; title_font_size=&#8221;16px&#8221; hover_icon=&#8221;\ue054||divi||400&#8243;][\/et_pb_portfolio][\/et_pb_column][\/et_pb_row][\/et_pb_section][et_pb_section fb_built=&#8221;1&#8243; custom_padding_last_edited=&#8221;off|desktop&#8221; admin_label=&#8221;Footer&#8221; _builder_version=&#8221;4.20.4&#8243; use_background_color_gradient=&#8221;on&#8221; background_color_gradient_direction=&#8221;135deg&#8221; background_color_gradient_stops=&#8221;rgba(38,45,63,0.8) 0%|#0c4a76 99%&#8221; background_color_gradient_overlays_image=&#8221;on&#8221; background_color_gradient_start=&#8221;rgba(38,45,63,0.8)&#8221; background_color_gradient_end=&#8221;#262d3f&#8221; background_image=&#8221;https:\/\/renovasolution.com\/wp-content\/uploads\/2023\/06\/img-footer.jpg&#8221; custom_padding=&#8221;10vw||5vw||false|false&#8221; custom_padding_tablet=&#8221;170px||50px|&#8221; top_divider_style=&#8221;arrow&#8221; top_divider_color=&#8221;#FFFFFF&#8221; top_divider_height=&#8221;5vw&#8221; top_divider_style_last_edited=&#8221;off|phone&#8221; top_divider_height_tablet=&#8221;80px&#8221; top_divider_height_phone=&#8221;80px&#8221; top_divider_height_last_edited=&#8221;off|desktop&#8221; bottom_divider_color=&#8221;#ffffff&#8221; bottom_divider_height=&#8221;200px&#8221; bottom_divider_repeat=&#8221;2x&#8221; bottom_divider_arrangement=&#8221;above_content&#8221; global_module=&#8221;554&#8243; global_colors_info=&#8221;{}&#8221; top_divider_height__hover_enabled=&#8221;on|hover&#8221; top_divider_height__hover=&#8221;7vw&#8221;][et_pb_row column_structure=&#8221;1_3,1_3,1_3&#8243; _builder_version=&#8221;4.20.4&#8243; global_colors_info=&#8221;{}&#8221;][et_pb_column type=&#8221;1_3&#8243; _builder_version=&#8221;4.16&#8243; custom_padding=&#8221;|||&#8221; global_colors_info=&#8221;{}&#8221; custom_padding__hover=&#8221;|||&#8221;][et_pb_image src=&#8221;https:\/\/renovasolution.com\/wp-content\/uploads\/2023\/06\/logo-immex.png&#8221; title_text=&#8221;logo-immex&#8221; _builder_version=&#8221;4.20.4&#8243; _module_preset=&#8221;default&#8221; global_colors_info=&#8221;{}&#8221;][\/et_pb_image][\/et_pb_column][et_pb_column type=&#8221;1_3&#8243; _builder_version=&#8221;4.16&#8243; custom_padding=&#8221;|||&#8221; global_colors_info=&#8221;{}&#8221; custom_padding__hover=&#8221;|||&#8221;][et_pb_image src=&#8221;https:\/\/renovasolution.com\/wp-content\/uploads\/2023\/06\/logo-semarnat.png&#8221; title_text=&#8221;logo-semarnat&#8221; _builder_version=&#8221;4.20.4&#8243; _module_preset=&#8221;default&#8221; global_colors_info=&#8221;{}&#8221;][\/et_pb_image][\/et_pb_column][et_pb_column type=&#8221;1_3&#8243; _builder_version=&#8221;4.16&#8243; custom_padding=&#8221;|||&#8221; global_colors_info=&#8221;{}&#8221; custom_padding__hover=&#8221;|||&#8221;][et_pb_image src=&#8221;https:\/\/renovasolution.com\/wp-content\/uploads\/2023\/06\/logo-se.png&#8221; title_text=&#8221;logo-se&#8221; _builder_version=&#8221;4.20.4&#8243; _module_preset=&#8221;default&#8221; global_colors_info=&#8221;{}&#8221;][\/et_pb_image][\/et_pb_column][\/et_pb_row][\/et_pb_section]<\/p>\n","protected":false},"excerpt":{"rendered":"<p>Services<\/p>\n","protected":false},"author":1,"featured_media":0,"parent":0,"menu_order":2,"comment_status":"closed","ping_status":"closed","template":"","meta":{"_et_pb_use_builder":"on","_et_pb_old_content":"","_et_gb_content_width":"","footnotes":""},"class_list":["post-870","page","type-page","status-publish","hentry"],"yoast_head":"<!-- This site is optimized with the Yoast SEO plugin v27.5 - https:\/\/yoast.com\/product\/yoast-seo-wordpress\/ -->\n<title>Services - Renova Solutions Inc : Reciclaje de Electr\u00f3nicos y C\u00f3mputo<\/title>\n<meta name=\"robots\" content=\"index, follow, max-snippet:-1, max-image-preview:large, max-video-preview:-1\" \/>\n<link rel=\"canonical\" href=\"https:\/\/renovasolution.com\/en\/services\/\" \/>\n<meta property=\"og:locale\" content=\"en_US\" \/>\n<meta property=\"og:type\" content=\"article\" \/>\n<meta property=\"og:title\" content=\"Services - Renova Solutions Inc : Reciclaje de Electr\u00f3nicos y C\u00f3mputo\" \/>\n<meta property=\"og:description\" content=\"Services\" \/>\n<meta property=\"og:url\" content=\"https:\/\/renovasolution.com\/en\/services\/\" \/>\n<meta property=\"og:site_name\" content=\"Renova Solutions Inc : Reciclaje de Electr\u00f3nicos y C\u00f3mputo\" \/>\n<meta property=\"article:modified_time\" content=\"2023-08-15T20:36:13+00:00\" \/>\n<meta property=\"og:image\" content=\"https:\/\/renovasolution.com\/wp-content\/uploads\/2023\/08\/renova-solutions-llc.jpg\" \/>\n\t<meta property=\"og:image:width\" content=\"1200\" \/>\n\t<meta property=\"og:image:height\" content=\"675\" \/>\n\t<meta property=\"og:image:type\" content=\"image\/jpeg\" \/>\n<meta name=\"twitter:card\" content=\"summary_large_image\" \/>\n<meta name=\"twitter:label1\" content=\"Est. reading time\" \/>\n\t<meta name=\"twitter:data1\" content=\"3 minutes\" \/>\n<script type=\"application\/ld+json\" class=\"yoast-schema-graph\">{\"@context\":\"https:\\\/\\\/schema.org\",\"@graph\":[{\"@type\":\"WebPage\",\"@id\":\"https:\\\/\\\/renovasolution.com\\\/en\\\/services\\\/\",\"url\":\"https:\\\/\\\/renovasolution.com\\\/en\\\/services\\\/\",\"name\":\"Services - Renova Solutions Inc : Reciclaje de Electr\u00f3nicos y C\u00f3mputo\",\"isPartOf\":{\"@id\":\"https:\\\/\\\/renovasolution.com\\\/en\\\/#website\"},\"datePublished\":\"2020-06-25T23:52:45+00:00\",\"dateModified\":\"2023-08-15T20:36:13+00:00\",\"breadcrumb\":{\"@id\":\"https:\\\/\\\/renovasolution.com\\\/en\\\/services\\\/#breadcrumb\"},\"inLanguage\":\"en-US\",\"potentialAction\":[{\"@type\":\"ReadAction\",\"target\":[\"https:\\\/\\\/renovasolution.com\\\/en\\\/services\\\/\"]}]},{\"@type\":\"BreadcrumbList\",\"@id\":\"https:\\\/\\\/renovasolution.com\\\/en\\\/services\\\/#breadcrumb\",\"itemListElement\":[{\"@type\":\"ListItem\",\"position\":1,\"name\":\"Inicio\",\"item\":\"https:\\\/\\\/renovasolution.com\\\/en\\\/home\\\/\"},{\"@type\":\"ListItem\",\"position\":2,\"name\":\"Services\"}]},{\"@type\":\"WebSite\",\"@id\":\"https:\\\/\\\/renovasolution.com\\\/en\\\/#website\",\"url\":\"https:\\\/\\\/renovasolution.com\\\/en\\\/\",\"name\":\"Renova Solutions Inc : Reciclaje de Electr\u00f3nicos y C\u00f3mputo\",\"description\":\"Reciclaje de Electr\u00f3nicos y C\u00f3mputo\",\"publisher\":{\"@id\":\"https:\\\/\\\/renovasolution.com\\\/en\\\/#organization\"},\"alternateName\":\"Renova Solutions Inc : Reciclaje de Electr\u00f3nicos y C\u00f3mputo\",\"potentialAction\":[{\"@type\":\"SearchAction\",\"target\":{\"@type\":\"EntryPoint\",\"urlTemplate\":\"https:\\\/\\\/renovasolution.com\\\/en\\\/?s={search_term_string}\"},\"query-input\":{\"@type\":\"PropertyValueSpecification\",\"valueRequired\":true,\"valueName\":\"search_term_string\"}}],\"inLanguage\":\"en-US\"},{\"@type\":\"Organization\",\"@id\":\"https:\\\/\\\/renovasolution.com\\\/en\\\/#organization\",\"name\":\"Renova Solutions Inc : Reciclaje de Electr\u00f3nicos y C\u00f3mputo\",\"alternateName\":\"Renova Solutions Inc : Reciclaje de Electr\u00f3nicos y C\u00f3mputo\",\"url\":\"https:\\\/\\\/renovasolution.com\\\/en\\\/\",\"logo\":{\"@type\":\"ImageObject\",\"inLanguage\":\"en-US\",\"@id\":\"https:\\\/\\\/renovasolution.com\\\/en\\\/#\\\/schema\\\/logo\\\/image\\\/\",\"url\":\"https:\\\/\\\/renovasolution.com\\\/wp-content\\\/uploads\\\/2023\\\/05\\\/logo-renova-soluciones-color.png\",\"contentUrl\":\"https:\\\/\\\/renovasolution.com\\\/wp-content\\\/uploads\\\/2023\\\/05\\\/logo-renova-soluciones-color.png\",\"width\":295,\"height\":80,\"caption\":\"Renova Solutions Inc : Reciclaje de Electr\u00f3nicos y C\u00f3mputo\"},\"image\":{\"@id\":\"https:\\\/\\\/renovasolution.com\\\/en\\\/#\\\/schema\\\/logo\\\/image\\\/\"}}]}<\/script>\n<!-- \/ Yoast SEO plugin. -->","yoast_head_json":{"title":"Services - Renova Solutions Inc : Reciclaje de Electr\u00f3nicos y C\u00f3mputo","robots":{"index":"index","follow":"follow","max-snippet":"max-snippet:-1","max-image-preview":"max-image-preview:large","max-video-preview":"max-video-preview:-1"},"canonical":"https:\/\/renovasolution.com\/en\/services\/","og_locale":"en_US","og_type":"article","og_title":"Services - Renova Solutions Inc : Reciclaje de Electr\u00f3nicos y C\u00f3mputo","og_description":"Services","og_url":"https:\/\/renovasolution.com\/en\/services\/","og_site_name":"Renova Solutions Inc : Reciclaje de Electr\u00f3nicos y C\u00f3mputo","article_modified_time":"2023-08-15T20:36:13+00:00","og_image":[{"width":1200,"height":675,"url":"https:\/\/renovasolution.com\/wp-content\/uploads\/2023\/08\/renova-solutions-llc.jpg","type":"image\/jpeg"}],"twitter_card":"summary_large_image","twitter_misc":{"Est. reading time":"3 minutes"},"schema":{"@context":"https:\/\/schema.org","@graph":[{"@type":"WebPage","@id":"https:\/\/renovasolution.com\/en\/services\/","url":"https:\/\/renovasolution.com\/en\/services\/","name":"Services - Renova Solutions Inc : Reciclaje de Electr\u00f3nicos y C\u00f3mputo","isPartOf":{"@id":"https:\/\/renovasolution.com\/en\/#website"},"datePublished":"2020-06-25T23:52:45+00:00","dateModified":"2023-08-15T20:36:13+00:00","breadcrumb":{"@id":"https:\/\/renovasolution.com\/en\/services\/#breadcrumb"},"inLanguage":"en-US","potentialAction":[{"@type":"ReadAction","target":["https:\/\/renovasolution.com\/en\/services\/"]}]},{"@type":"BreadcrumbList","@id":"https:\/\/renovasolution.com\/en\/services\/#breadcrumb","itemListElement":[{"@type":"ListItem","position":1,"name":"Inicio","item":"https:\/\/renovasolution.com\/en\/home\/"},{"@type":"ListItem","position":2,"name":"Services"}]},{"@type":"WebSite","@id":"https:\/\/renovasolution.com\/en\/#website","url":"https:\/\/renovasolution.com\/en\/","name":"Renova Solutions Inc : Reciclaje de Electr\u00f3nicos y C\u00f3mputo","description":"Reciclaje de Electr\u00f3nicos y C\u00f3mputo","publisher":{"@id":"https:\/\/renovasolution.com\/en\/#organization"},"alternateName":"Renova Solutions Inc : Reciclaje de Electr\u00f3nicos y C\u00f3mputo","potentialAction":[{"@type":"SearchAction","target":{"@type":"EntryPoint","urlTemplate":"https:\/\/renovasolution.com\/en\/?s={search_term_string}"},"query-input":{"@type":"PropertyValueSpecification","valueRequired":true,"valueName":"search_term_string"}}],"inLanguage":"en-US"},{"@type":"Organization","@id":"https:\/\/renovasolution.com\/en\/#organization","name":"Renova Solutions Inc : Reciclaje de Electr\u00f3nicos y C\u00f3mputo","alternateName":"Renova Solutions Inc : Reciclaje de Electr\u00f3nicos y C\u00f3mputo","url":"https:\/\/renovasolution.com\/en\/","logo":{"@type":"ImageObject","inLanguage":"en-US","@id":"https:\/\/renovasolution.com\/en\/#\/schema\/logo\/image\/","url":"https:\/\/renovasolution.com\/wp-content\/uploads\/2023\/05\/logo-renova-soluciones-color.png","contentUrl":"https:\/\/renovasolution.com\/wp-content\/uploads\/2023\/05\/logo-renova-soluciones-color.png","width":295,"height":80,"caption":"Renova Solutions Inc : Reciclaje de Electr\u00f3nicos y C\u00f3mputo"},"image":{"@id":"https:\/\/renovasolution.com\/en\/#\/schema\/logo\/image\/"}}]}},"_links":{"self":[{"href":"https:\/\/renovasolution.com\/en\/wp-json\/wp\/v2\/pages\/870","targetHints":{"allow":["GET"]}}],"collection":[{"href":"https:\/\/renovasolution.com\/en\/wp-json\/wp\/v2\/pages"}],"about":[{"href":"https:\/\/renovasolution.com\/en\/wp-json\/wp\/v2\/types\/page"}],"author":[{"embeddable":true,"href":"https:\/\/renovasolution.com\/en\/wp-json\/wp\/v2\/users\/1"}],"replies":[{"embeddable":true,"href":"https:\/\/renovasolution.com\/en\/wp-json\/wp\/v2\/comments?post=870"}],"version-history":[{"count":5,"href":"https:\/\/renovasolution.com\/en\/wp-json\/wp\/v2\/pages\/870\/revisions"}],"predecessor-version":[{"id":875,"href":"https:\/\/renovasolution.com\/en\/wp-json\/wp\/v2\/pages\/870\/revisions\/875"}],"wp:attachment":[{"href":"https:\/\/renovasolution.com\/en\/wp-json\/wp\/v2\/media?parent=870"}],"curies":[{"name":"wp","href":"https:\/\/api.w.org\/{rel}","templated":true}]}}