{"id":906,"date":"2020-06-25T18:56:21","date_gmt":"2020-06-25T23:56:21","guid":{"rendered":"https:\/\/renovasolution.com\/notice-of-privacy\/"},"modified":"2023-08-16T11:58:15","modified_gmt":"2023-08-16T17:58:15","slug":"notice-of-privacy","status":"publish","type":"page","link":"https:\/\/renovasolution.com\/en\/notice-of-privacy\/","title":{"rendered":"Notice of Privacy"},"content":{"rendered":"<p>[et_pb_section fb_built=&#8221;1&#8243; next_background_color=&#8221;#ffffff&#8221; _builder_version=&#8221;4.20.4&#8243; use_background_color_gradient=&#8221;on&#8221; background_color_gradient_stops=&#8221;#408cc8 0%|#2771b3 100%&#8221; background_image=&#8221;https:\/\/renovasolution.com\/wp-content\/uploads\/2023\/05\/renova-solutions-recycle-2.png&#8221; background_size=&#8221;contain&#8221; background_position=&#8221;bottom_right&#8221; background_horizontal_offset=&#8221;0%&#8221; bottom_divider_style=&#8221;ramp2&#8243; bottom_divider_flip=&#8221;horizontal&#8221; locked=&#8221;off&#8221; global_colors_info=&#8221;{}&#8221;][et_pb_row _builder_version=&#8221;4.16&#8243; global_colors_info=&#8221;{}&#8221;][et_pb_column type=&#8221;4_4&#8243; _builder_version=&#8221;4.16&#8243; global_colors_info=&#8221;{}&#8221;][et_pb_text admin_label=&#8221;Title&#8221; _builder_version=&#8221;4.20.4&#8243; text_font=&#8221;||||||||&#8221; header_font=&#8221;||||||||&#8221; header_2_font=&#8221;Oswald|600|on|on|||||&#8221; header_2_text_align=&#8221;left&#8221; header_2_font_size=&#8221;3vw&#8221; header_2_letter_spacing=&#8221;0.1em&#8221; header_2_line_height=&#8221;1.4em&#8221; background_layout=&#8221;dark&#8221; custom_margin=&#8221;||||false|false&#8221; custom_margin_tablet=&#8221;|||0vw&#8221; custom_margin_phone=&#8221;||0px&#8221; custom_margin_last_edited=&#8221;on|phone&#8221; custom_padding=&#8221;||||false|false&#8221; animation_style=&#8221;slide&#8221; animation_direction=&#8221;left&#8221; animation_delay=&#8221;100ms&#8221; animation_intensity_slide=&#8221;10%&#8221; header_2_font_size_tablet=&#8221;7.5vw&#8221; header_2_font_size_phone=&#8221;&#8221; header_2_font_size_last_edited=&#8221;on|desktop&#8221; locked=&#8221;off&#8221; global_colors_info=&#8221;{}&#8221;]<\/p>\n<h2>Notice of Privacy<\/h2>\n<p>[\/et_pb_text][\/et_pb_column][\/et_pb_row][\/et_pb_section][et_pb_section fb_built=&#8221;1&#8243; _builder_version=&#8221;4.16&#8243; global_colors_info=&#8221;{}&#8221;][et_pb_row _builder_version=&#8221;4.16&#8243; global_colors_info=&#8221;{}&#8221;][et_pb_column type=&#8221;4_4&#8243; _builder_version=&#8221;4.16&#8243; global_colors_info=&#8221;{}&#8221;][et_pb_text _builder_version=&#8221;4.22.0&#8243; text_font_size=&#8221;16px&#8221; text_line_height=&#8221;2em&#8221; hover_enabled=&#8221;0&#8243; global_colors_info=&#8221;{}&#8221; sticky_enabled=&#8221;0&#8243;]<\/p>\n<p>In terms of the FEDERAL LAW ON THE PROTECTION OF PERSONAL DATA HELD BY INDIVIDUALS (LFPDPPP), Renova Solutions Inc., hereinafter <strong><span style=\"color: #0c4a76;\">\u201cTHE COMPANY\u201d<\/span><\/strong>, makes this privacy notice available to you, prior to the processing of your personal data, in accordance with the following:<\/p>\n<p><strong><span style=\"color: #0c4a76;\">I.- IDENTITY AND ADDRESS OF &#8220;THE COMPANY&#8221;: Renova Solutions Inc. <\/span><\/strong>is responsible for the processing (use) of your personal data, it is a duly constituted and legally existing company in accordance with the laws of the United Mexican States. All communication should be addressed to the Personal Data Department, which has been designated as responsible for processing requests and promoting the protection of Personal Data, in terms of Article 30 of the Law.<\/p>\n<p><strong><span style=\"color: #0c4a76;\">II.- PERSONAL DATA THAT WE OBTAIN AND OF ORIGIN:<\/span><\/strong><\/p>\n<p>Personal data that we collect in the case of a legal entity:<\/p>\n<ul>\n<li>Customer information (company name, email, address, proof of address, telephone, fax).<\/li>\n<li>Identity documentation (constitutive act, registration folio before the public registry of property and commerce).<\/li>\n<li>Tax information (tax identification card, billing address).<\/li>\n<li>Financial data: bank account information, payment methods.<\/li>\n<\/ul>\n<p>Personal data that we collect in the case of a natural person:<\/p>\n<ul>\n<li>Contact information (Full name, email, address, proof of address, phone, cell, fax)<\/li>\n<li>Identity documentation (voter&#8217;s card, passport, driver&#8217;s license, primer or professional ID)<\/li>\n<li>Tax information (tax identification card, billing address).<\/li>\n<\/ul>\n<p>Sensitive personal, patrimonial or financial data that we could collect:<\/p>\n<ul>\n<li>Financial data: bank account information, payment methods.<\/li>\n<\/ul>\n<p><span style=\"color: #0c4a76;\"><strong>III.-PURPOSE OF THE PROCESSING OF PERSONAL DATA:<\/strong> <strong>\u201cTHE COMPANY\u201d <\/strong> <\/span>undertakes to make correct use of your personal data, including sensitive personal data that may be collected in accordance with the principles of the Federal Protection Law of Personal Data held by individuals, legality, consent, information, quality, purpose, loyalty, proportionality and responsibility. The object or purpose of obtaining, using and storing the personal data of the owner is broken down as follows:<\/p>\n<ol>\n<li>Provide legal advice.<\/li>\n<li>Verify the information you provide us.<\/li>\n<li>For internal use of <span style=\"color: #0c4a76;\"><strong>\u201cTHE COMPANY\u201d<\/strong><\/span>, as well as to answer your questions or comments derived from the provision of services.<\/li>\n<li>For the promotion of products, services offered by <span style=\"color: #0c4a76;\"><strong>\u201cTHE COMPANY&#8221; \u201d <\/strong><\/span>or, where appropriate, invitations to one of our events.<\/li>\n<li>Integrate your file as a client.<\/li>\n<li>Provide required services and products and inform about new products or services that are related to what was contracted or acquired by <span style=\"color: #0c4a76;\"><strong>\u201cThe Owner\u201d<\/strong><\/span>.<\/li>\n<li>Inform about changes in our services, evaluate the quality of the service and products.<\/li>\n<li>The identification, information technologies, operation, administration, marketing, commercialization and other similar and lawful purposes in accordance with the provisions of the Law, derived from the services contracted by <span style=\"color: #0c4a76;\"><strong>\u201cThe Owner\u201d<\/strong><\/span>.<\/li>\n<\/ol>\n<p>Sensitive data will be collected for the following purposes:<\/p>\n<ul>\n<li>To have the necessary background in order to be able to provide adequate care<\/li>\n<\/ul>\n<p>By reading and accepting this Privacy Notice, I give my consent for the processing of my sensitive personal data, for the purposes necessary for the provision of services with the Responsible.<\/p>\n<p>For the purposes indicated above, we can collect your personal data in different ways:<\/p>\n<ul>\n<li>When you freely provide them to us voluntarily.<\/li>\n<li>Through our website.<\/li>\n<li>By telephone.<\/li>\n<li>When we obtain information through other sources of public access that are permitted by law (telephone directories, email, websites, and the like).<\/li>\n<\/ul>\n<p>You are informed that our facilities have a closed-circuit surveillance camera system, which is active 24 hours a day, which allows us to stay informed and have access control over visitors who access the facilities and ensure the safety of staff, customers and visitors.<\/p>\n<p>All personal and aggregate information obtained from <span style=\"color: #0c4a76;\"><strong>\u201cThe Owner\u201d<\/strong><\/span>will constitute a database, property of <span style=\"color: #0c4a76;\"><strong>\u201cTHE COMPANY\u201d<\/strong><\/span>, information that is stored to protect it and prevent its loss, misuse, alteration, or that it may be intercepted. by third parties. <span style=\"color: #0c4a76;\"><strong>\u201cThe Client\u201d <\/strong><\/span>hereby expressly authorizes <span style=\"color: #0c4a76;\"><strong>\u201cTHE COMPANY\u201d <\/strong><\/span>to share the personal information provided with any Authority that requires it in writing and in terms of law.<\/p>\n<p><span style=\"color: #0c4a76;\"><strong>IV.- LINKS TO OTHER WEBSITES: <\/strong><\/span>Our website may contain, for your convenience, links to different websites, <span style=\"color: #0c4a76;\"><strong>\u201cTHE COMPANY\u201d <\/strong><\/span>is not responsible for said websites, therefore it does not guarantee, nor is it responsible for the content found on these, we invite you to carefully read the Privacy Notice of each of the Internet sites you visit.<\/p>\n<p><span style=\"color: #0c4a76;\"><strong>V.- THE OPTIONS AND MEANS TO LIMIT THE USE OR DISCLOSURE OF PERSONAL DATA: <\/strong><\/span>at the time that <span style=\"color: #0c4a76;\"><strong>\u201cTHE COMPANY\u201d<\/strong><\/span> collects your personal data, the Holder thereof, may limit its use or disclosure, expressing his opposition in relation to for non-necessary purposes, which you will have to state when requesting your personal data, and indicate which you are not willing to provide to the person in charge.<\/p>\n<p>In the same way, if the Holder does not express his disagreement at the moment in which his personal data is being collected, <span style=\"color: #0c4a76;\"><strong>\u201cTHE COMPANY\u201d <\/strong><\/span>will collect the data that it considers sufficient to carry out the contracted service.<\/p>\n<p><span style=\"color: #0c4a76;\"><strong>VI.- MEANS TO EXERCISE YOUR OPPOSITION TO THE PROCESSING OF DATA FOR NON-NECESSARY PURPOSES: <\/strong><\/span>You can express your opposition to the processing of your data for non-necessary purposes by generating a free letter in which you state what data you do not agree to provide to the person responsible. , the letter will be addressed to the contact email of the area for the processing of personal data, this being <a href=\"mailto:info@renovasolution.com\">info@renovasolution.com<\/a>, The aforementioned writing must meet the following requirements:<\/p>\n<ul>\n<li>Full name of the owner of the personal data.<\/li>\n<li>Specify the data that you do not wish to provide to the person in charge.<\/li>\n<li>Give a brief explanation of why you believe it is unnecessary to provide that data to the person in charge.<\/li>\n<li>Attach to the letter an official identification document of the owner of the personal data.<\/li>\n<\/ul>\n<p><span style=\"color: #0c4a76;\"><strong>VII.- THE MEANS TO EXERCISE THE RIGHTS OF ACCESS, RECTIFICATION, CANCELLATION OR OPPOSITION: \u201cThe Holder\u201d <\/strong><\/span>may request <span style=\"color: #0c4a76;\"><strong>\u201cTHE COMPANY\u201d<\/strong><\/span>, at any time, access, rectification, cancellation or opposition regarding the personal data that concern you, the mechanisms that have been implemented for the exercise of said rights are through the presentation of the respective request to our Personal Data Department, either personally at the same address or by sending an email to the previously indicated, in where after receiving your request <span style=\"color: #0c4a76;\"><strong>\u201cTHE COMPANY\u201d <\/strong><\/span>has a term of 20 business days to give you an answer and let you know if your request is appropriate or not, if it were to proceed, the person in charge will have a term of 15 business days to make it effective the request by the owner of the personal data.<\/p>\n<p><span style=\"color: #0c4a76;\"><strong>VIII.- TRANSFERS OF DATA THAT ARE MADE: \u201cTHE COMPANY\u201d <\/strong><\/span>undertakes not to transfer your personal information to third parties without your consent, except for the exceptions provided for in article 37 of the Federal Law on Protection of Personal Data Held by Private Parties. , as well as carry out this transfer in the terms established by that Law.<\/p>\n<p>In the event that <span style=\"color: #0c4a76;\"><strong>\u201cTHE COMPANY\u201d<\/strong><\/span>, I will transfer your personal data to third-party service providers for compliance with legal, accounting, regulatory or contractual obligations by <span style=\"color: #0c4a76;\"><strong>Renova Solutions Inc.<\/strong><\/span> or any of its affiliated companies in Mexico or abroad, in order to carry out the purposes of the treatment established in this privacy notice, it will do so after entering into confidentiality agreements and, as long as (1) the provider or person to whom they are transmitted agrees to submit the treatment of personal data to this privacy notice and, (2) it is not in any of the cases established in article 37 of the Law. If you do not express your opposition for your personal data to be transferred to third parties, you will understand that you have given <span style=\"color: #0c4a76;\"><strong>Renova Solutions Inc.<\/strong><\/span> your consent to do so.<\/p>\n<p><span style=\"color: #0c4a76;\"><strong>IX.- SECURITY MEASURES FOR THE PROTECTION OF PERSONAL DATA: : <\/strong><\/span>The company has adopted and maintains the necessary administrative, technical and physical security measures within its reach to protect the personal data that it has freely provided to us.<\/p>\n<p><span style=\"color: #0c4a76;\"><strong>X.- MODIFICATIONS TO THE PRIVACY NOTICE:<\/strong><\/span>This privacy notice may be modified or updated unilaterally by <span style=\"color: #0c4a76;\"><strong>\u201cTHE COMPANY <\/strong><\/span>informing \u201cThe Holder\u201d dof said changes through the following means: (I) visible advertisements in our establishments or centers customer service; (II) brochures or brochures available in our establishments or customer service centers; (III) on our website; (IV) or we will send them to the last email that you have provided us.<\/p>\n<p>If you have any questions about this privacy notice, you can contact us at the telephone numbers and\/or email indicated in the first section called<span style=\"color: #0c4a76;\"><strong>\u201cI.- IDENTITY AND ADDRESS OF &#8220;THE COMPANY\u201d<\/strong><\/span>, where you will receive the requested attention.<\/p>\n<p>Date of last update: June 13, 2023<\/p>\n<p>[\/et_pb_text][\/et_pb_column][\/et_pb_row][\/et_pb_section]<\/p>\n","protected":false},"excerpt":{"rendered":"<p>Notice of PrivacyIn terms of the FEDERAL LAW ON THE PROTECTION OF PERSONAL DATA HELD BY INDIVIDUALS (LFPDPPP), Renova Solutions Inc., hereinafter \u201cTHE COMPANY\u201d, makes this privacy notice available to you, prior to the processing of your personal data, in accordance with the following: I.- IDENTITY AND ADDRESS OF &#8220;THE COMPANY&#8221;: Renova Solutions Inc. is [&hellip;]<\/p>\n","protected":false},"author":1,"featured_media":0,"parent":0,"menu_order":7,"comment_status":"closed","ping_status":"closed","template":"","meta":{"_et_pb_use_builder":"on","_et_pb_old_content":"","_et_gb_content_width":"","footnotes":""},"class_list":["post-906","page","type-page","status-publish","hentry"],"yoast_head":"<!-- This site is optimized with the Yoast SEO plugin v27.5 - https:\/\/yoast.com\/product\/yoast-seo-wordpress\/ -->\n<title>Notice of Privacy - Renova Solutions Inc : Reciclaje de Electr\u00f3nicos y C\u00f3mputo<\/title>\n<meta name=\"robots\" content=\"index, follow, max-snippet:-1, max-image-preview:large, max-video-preview:-1\" \/>\n<link rel=\"canonical\" href=\"https:\/\/renovasolution.com\/en\/notice-of-privacy\/\" \/>\n<meta property=\"og:locale\" content=\"en_US\" \/>\n<meta property=\"og:type\" content=\"article\" \/>\n<meta property=\"og:title\" content=\"Notice of Privacy - Renova Solutions Inc : Reciclaje de Electr\u00f3nicos y C\u00f3mputo\" \/>\n<meta property=\"og:description\" content=\"Notice of PrivacyIn terms of the FEDERAL LAW ON THE PROTECTION OF PERSONAL DATA HELD BY INDIVIDUALS (LFPDPPP), Renova Solutions Inc., hereinafter \u201cTHE COMPANY\u201d, makes this privacy notice available to you, prior to the processing of your personal data, in accordance with the following: I.- IDENTITY AND ADDRESS OF &quot;THE COMPANY&quot;: Renova Solutions Inc. is [&hellip;]\" \/>\n<meta property=\"og:url\" content=\"https:\/\/renovasolution.com\/en\/notice-of-privacy\/\" \/>\n<meta property=\"og:site_name\" content=\"Renova Solutions Inc : Reciclaje de Electr\u00f3nicos y C\u00f3mputo\" \/>\n<meta property=\"article:modified_time\" content=\"2023-08-16T17:58:15+00:00\" \/>\n<meta property=\"og:image\" content=\"https:\/\/renovasolution.com\/wp-content\/uploads\/2023\/08\/renova-solutions-llc.jpg\" \/>\n\t<meta property=\"og:image:width\" content=\"1200\" \/>\n\t<meta property=\"og:image:height\" content=\"675\" \/>\n\t<meta property=\"og:image:type\" content=\"image\/jpeg\" \/>\n<meta name=\"twitter:card\" content=\"summary_large_image\" \/>\n<meta name=\"twitter:label1\" content=\"Est. reading time\" \/>\n\t<meta name=\"twitter:data1\" content=\"8 minutes\" \/>\n<script type=\"application\/ld+json\" class=\"yoast-schema-graph\">{\"@context\":\"https:\\\/\\\/schema.org\",\"@graph\":[{\"@type\":\"WebPage\",\"@id\":\"https:\\\/\\\/renovasolution.com\\\/en\\\/notice-of-privacy\\\/\",\"url\":\"https:\\\/\\\/renovasolution.com\\\/en\\\/notice-of-privacy\\\/\",\"name\":\"Notice of Privacy - Renova Solutions Inc : Reciclaje de Electr\u00f3nicos y C\u00f3mputo\",\"isPartOf\":{\"@id\":\"https:\\\/\\\/renovasolution.com\\\/en\\\/#website\"},\"datePublished\":\"2020-06-25T23:56:21+00:00\",\"dateModified\":\"2023-08-16T17:58:15+00:00\",\"breadcrumb\":{\"@id\":\"https:\\\/\\\/renovasolution.com\\\/en\\\/notice-of-privacy\\\/#breadcrumb\"},\"inLanguage\":\"en-US\",\"potentialAction\":[{\"@type\":\"ReadAction\",\"target\":[\"https:\\\/\\\/renovasolution.com\\\/en\\\/notice-of-privacy\\\/\"]}]},{\"@type\":\"BreadcrumbList\",\"@id\":\"https:\\\/\\\/renovasolution.com\\\/en\\\/notice-of-privacy\\\/#breadcrumb\",\"itemListElement\":[{\"@type\":\"ListItem\",\"position\":1,\"name\":\"Inicio\",\"item\":\"https:\\\/\\\/renovasolution.com\\\/en\\\/home\\\/\"},{\"@type\":\"ListItem\",\"position\":2,\"name\":\"Notice of Privacy\"}]},{\"@type\":\"WebSite\",\"@id\":\"https:\\\/\\\/renovasolution.com\\\/en\\\/#website\",\"url\":\"https:\\\/\\\/renovasolution.com\\\/en\\\/\",\"name\":\"Renova Solutions Inc : Reciclaje de Electr\u00f3nicos y C\u00f3mputo\",\"description\":\"Reciclaje de Electr\u00f3nicos y C\u00f3mputo\",\"publisher\":{\"@id\":\"https:\\\/\\\/renovasolution.com\\\/en\\\/#organization\"},\"alternateName\":\"Renova Solutions Inc : Reciclaje de Electr\u00f3nicos y C\u00f3mputo\",\"potentialAction\":[{\"@type\":\"SearchAction\",\"target\":{\"@type\":\"EntryPoint\",\"urlTemplate\":\"https:\\\/\\\/renovasolution.com\\\/en\\\/?s={search_term_string}\"},\"query-input\":{\"@type\":\"PropertyValueSpecification\",\"valueRequired\":true,\"valueName\":\"search_term_string\"}}],\"inLanguage\":\"en-US\"},{\"@type\":\"Organization\",\"@id\":\"https:\\\/\\\/renovasolution.com\\\/en\\\/#organization\",\"name\":\"Renova Solutions Inc : Reciclaje de Electr\u00f3nicos y C\u00f3mputo\",\"alternateName\":\"Renova Solutions Inc : Reciclaje de Electr\u00f3nicos y C\u00f3mputo\",\"url\":\"https:\\\/\\\/renovasolution.com\\\/en\\\/\",\"logo\":{\"@type\":\"ImageObject\",\"inLanguage\":\"en-US\",\"@id\":\"https:\\\/\\\/renovasolution.com\\\/en\\\/#\\\/schema\\\/logo\\\/image\\\/\",\"url\":\"https:\\\/\\\/renovasolution.com\\\/wp-content\\\/uploads\\\/2023\\\/05\\\/logo-renova-soluciones-color.png\",\"contentUrl\":\"https:\\\/\\\/renovasolution.com\\\/wp-content\\\/uploads\\\/2023\\\/05\\\/logo-renova-soluciones-color.png\",\"width\":295,\"height\":80,\"caption\":\"Renova Solutions Inc : Reciclaje de Electr\u00f3nicos y C\u00f3mputo\"},\"image\":{\"@id\":\"https:\\\/\\\/renovasolution.com\\\/en\\\/#\\\/schema\\\/logo\\\/image\\\/\"}}]}<\/script>\n<!-- \/ Yoast SEO plugin. -->","yoast_head_json":{"title":"Notice of Privacy - Renova Solutions Inc : Reciclaje de Electr\u00f3nicos y C\u00f3mputo","robots":{"index":"index","follow":"follow","max-snippet":"max-snippet:-1","max-image-preview":"max-image-preview:large","max-video-preview":"max-video-preview:-1"},"canonical":"https:\/\/renovasolution.com\/en\/notice-of-privacy\/","og_locale":"en_US","og_type":"article","og_title":"Notice of Privacy - Renova Solutions Inc : Reciclaje de Electr\u00f3nicos y C\u00f3mputo","og_description":"Notice of PrivacyIn terms of the FEDERAL LAW ON THE PROTECTION OF PERSONAL DATA HELD BY INDIVIDUALS (LFPDPPP), Renova Solutions Inc., hereinafter \u201cTHE COMPANY\u201d, makes this privacy notice available to you, prior to the processing of your personal data, in accordance with the following: I.- IDENTITY AND ADDRESS OF \"THE COMPANY\": Renova Solutions Inc. is [&hellip;]","og_url":"https:\/\/renovasolution.com\/en\/notice-of-privacy\/","og_site_name":"Renova Solutions Inc : Reciclaje de Electr\u00f3nicos y C\u00f3mputo","article_modified_time":"2023-08-16T17:58:15+00:00","og_image":[{"width":1200,"height":675,"url":"https:\/\/renovasolution.com\/wp-content\/uploads\/2023\/08\/renova-solutions-llc.jpg","type":"image\/jpeg"}],"twitter_card":"summary_large_image","twitter_misc":{"Est. reading time":"8 minutes"},"schema":{"@context":"https:\/\/schema.org","@graph":[{"@type":"WebPage","@id":"https:\/\/renovasolution.com\/en\/notice-of-privacy\/","url":"https:\/\/renovasolution.com\/en\/notice-of-privacy\/","name":"Notice of Privacy - Renova Solutions Inc : Reciclaje de Electr\u00f3nicos y C\u00f3mputo","isPartOf":{"@id":"https:\/\/renovasolution.com\/en\/#website"},"datePublished":"2020-06-25T23:56:21+00:00","dateModified":"2023-08-16T17:58:15+00:00","breadcrumb":{"@id":"https:\/\/renovasolution.com\/en\/notice-of-privacy\/#breadcrumb"},"inLanguage":"en-US","potentialAction":[{"@type":"ReadAction","target":["https:\/\/renovasolution.com\/en\/notice-of-privacy\/"]}]},{"@type":"BreadcrumbList","@id":"https:\/\/renovasolution.com\/en\/notice-of-privacy\/#breadcrumb","itemListElement":[{"@type":"ListItem","position":1,"name":"Inicio","item":"https:\/\/renovasolution.com\/en\/home\/"},{"@type":"ListItem","position":2,"name":"Notice of Privacy"}]},{"@type":"WebSite","@id":"https:\/\/renovasolution.com\/en\/#website","url":"https:\/\/renovasolution.com\/en\/","name":"Renova Solutions Inc : Reciclaje de Electr\u00f3nicos y C\u00f3mputo","description":"Reciclaje de Electr\u00f3nicos y C\u00f3mputo","publisher":{"@id":"https:\/\/renovasolution.com\/en\/#organization"},"alternateName":"Renova Solutions Inc : Reciclaje de Electr\u00f3nicos y C\u00f3mputo","potentialAction":[{"@type":"SearchAction","target":{"@type":"EntryPoint","urlTemplate":"https:\/\/renovasolution.com\/en\/?s={search_term_string}"},"query-input":{"@type":"PropertyValueSpecification","valueRequired":true,"valueName":"search_term_string"}}],"inLanguage":"en-US"},{"@type":"Organization","@id":"https:\/\/renovasolution.com\/en\/#organization","name":"Renova Solutions Inc : Reciclaje de Electr\u00f3nicos y C\u00f3mputo","alternateName":"Renova Solutions Inc : Reciclaje de Electr\u00f3nicos y C\u00f3mputo","url":"https:\/\/renovasolution.com\/en\/","logo":{"@type":"ImageObject","inLanguage":"en-US","@id":"https:\/\/renovasolution.com\/en\/#\/schema\/logo\/image\/","url":"https:\/\/renovasolution.com\/wp-content\/uploads\/2023\/05\/logo-renova-soluciones-color.png","contentUrl":"https:\/\/renovasolution.com\/wp-content\/uploads\/2023\/05\/logo-renova-soluciones-color.png","width":295,"height":80,"caption":"Renova Solutions Inc : Reciclaje de Electr\u00f3nicos y C\u00f3mputo"},"image":{"@id":"https:\/\/renovasolution.com\/en\/#\/schema\/logo\/image\/"}}]}},"_links":{"self":[{"href":"https:\/\/renovasolution.com\/en\/wp-json\/wp\/v2\/pages\/906","targetHints":{"allow":["GET"]}}],"collection":[{"href":"https:\/\/renovasolution.com\/en\/wp-json\/wp\/v2\/pages"}],"about":[{"href":"https:\/\/renovasolution.com\/en\/wp-json\/wp\/v2\/types\/page"}],"author":[{"embeddable":true,"href":"https:\/\/renovasolution.com\/en\/wp-json\/wp\/v2\/users\/1"}],"replies":[{"embeddable":true,"href":"https:\/\/renovasolution.com\/en\/wp-json\/wp\/v2\/comments?post=906"}],"version-history":[{"count":12,"href":"https:\/\/renovasolution.com\/en\/wp-json\/wp\/v2\/pages\/906\/revisions"}],"predecessor-version":[{"id":994,"href":"https:\/\/renovasolution.com\/en\/wp-json\/wp\/v2\/pages\/906\/revisions\/994"}],"wp:attachment":[{"href":"https:\/\/renovasolution.com\/en\/wp-json\/wp\/v2\/media?parent=906"}],"curies":[{"name":"wp","href":"https:\/\/api.w.org\/{rel}","templated":true}]}}