{"id":909,"date":"2020-06-25T18:55:49","date_gmt":"2020-06-25T23:55:49","guid":{"rendered":"https:\/\/renovasolution.com\/copyright\/"},"modified":"2023-08-15T17:50:30","modified_gmt":"2023-08-15T23:50:30","slug":"copyright","status":"publish","type":"page","link":"https:\/\/renovasolution.com\/en\/copyright\/","title":{"rendered":"Copyright"},"content":{"rendered":"<p>[et_pb_section fb_built=&#8221;1&#8243; next_background_color=&#8221;#ffffff&#8221; _builder_version=&#8221;4.20.4&#8243; use_background_color_gradient=&#8221;on&#8221; background_color_gradient_stops=&#8221;#408cc8 0%|#2771b3 100%&#8221; background_image=&#8221;https:\/\/renovasolution.com\/wp-content\/uploads\/2023\/05\/renova-solutions-recycle-2.png&#8221; background_size=&#8221;contain&#8221; background_position=&#8221;bottom_right&#8221; background_horizontal_offset=&#8221;0%&#8221; bottom_divider_style=&#8221;ramp2&#8243; bottom_divider_flip=&#8221;horizontal&#8221; locked=&#8221;off&#8221; global_colors_info=&#8221;{}&#8221;][et_pb_row _builder_version=&#8221;4.16&#8243; global_colors_info=&#8221;{}&#8221;][et_pb_column type=&#8221;4_4&#8243; _builder_version=&#8221;4.16&#8243; global_colors_info=&#8221;{}&#8221;][et_pb_text admin_label=&#8221;Title&#8221; _builder_version=&#8221;4.20.4&#8243; text_font=&#8221;||||||||&#8221; header_font=&#8221;||||||||&#8221; header_2_font=&#8221;Oswald|600|on|on|||||&#8221; header_2_text_align=&#8221;left&#8221; header_2_font_size=&#8221;3vw&#8221; header_2_letter_spacing=&#8221;0.1em&#8221; header_2_line_height=&#8221;1.4em&#8221; background_layout=&#8221;dark&#8221; custom_margin=&#8221;||||false|false&#8221; custom_margin_tablet=&#8221;|||0vw&#8221; custom_margin_phone=&#8221;||0px&#8221; custom_margin_last_edited=&#8221;on|phone&#8221; custom_padding=&#8221;||||false|false&#8221; animation_style=&#8221;slide&#8221; animation_direction=&#8221;left&#8221; animation_delay=&#8221;100ms&#8221; animation_intensity_slide=&#8221;10%&#8221; hover_enabled=&#8221;0&#8243; header_2_font_size_tablet=&#8221;7.5vw&#8221; header_2_font_size_phone=&#8221;&#8221; header_2_font_size_last_edited=&#8221;on|desktop&#8221; locked=&#8221;off&#8221; global_colors_info=&#8221;{}&#8221; sticky_enabled=&#8221;0&#8243;]<\/p>\n<h2>Copyright \u2013 All Rights Reserved<\/h2>\n<p>[\/et_pb_text][\/et_pb_column][\/et_pb_row][\/et_pb_section][et_pb_section fb_built=&#8221;1&#8243; _builder_version=&#8221;4.16&#8243; global_colors_info=&#8221;{}&#8221;][et_pb_row _builder_version=&#8221;4.16&#8243; global_colors_info=&#8221;{}&#8221;][et_pb_column type=&#8221;4_4&#8243; _builder_version=&#8221;4.16&#8243; global_colors_info=&#8221;{}&#8221;][et_pb_text _builder_version=&#8221;4.20.4&#8243; global_colors_info=&#8221;{}&#8221; sticky_enabled=&#8221;0&#8243; text_font_size=&#8221;16px&#8221; text_line_height=&#8221;2em&#8221; hover_enabled=&#8221;0&#8243;]<\/p>\n<p>Renova Solutions Inc. makes information available to you; materials and products on this site, subject to the following terms and conditions.<\/p>\n<p span=\"\" style=\"color: #0c4a76;\"><strong>By entering our site you agree to all the terms and conditions defined on this page. Renova Solutions Inc. reserves the right to change these terms and conditions when necessary. The information contained in this site is protected by reserved rights.<\/strong><\/p>\n<p>Copyright \u00a92023 Renova Solutions Inc. All rights reserved.<\/p>\n<p>Excluding written permissions and licenses, none of the information contained on this site may be reproduced in any form or by any means without the appropriate permission of Renova Solutions Inc.<\/p>\n<p><span style=\"color: #0c4a76;\"><strong>Use of Software: <\/strong><\/span>No software is obtained directly from our server, the &#8220;links&#8221; that appear within our site are the property of each of the manufacturers. Any problem or damage that could arise in the client&#8217;s computer and\/or third parties, is subject to the manufacturer&#8217;s liability policies. . All software copyrights belong to their respective manufacturers.<\/p>\n<p><span style=\"color: #0c4a76;\"><strong>Use of the information contained in our site: <\/strong><\/span>Except as indicated in other parts of our site you can view, copy, print and distribute the documents available on this web page, subject to the following conditions:<\/p>\n<ol>\n<li>The document may be used for personal information and non-commercial purposes.<\/li>\n<li>The document and its information may not be altered or modified in any way or by any means.<\/li>\n<li>Any copy of the document or portion of it must include the legend: Copyright \u00a92023 Renova Solutions Inc. All rights reserved. Renova Solutions Inc.<\/li>\n<\/ol>\n<p>reserves the right to revoke such authorization at any time. The points specified above do not include the design and layout of the site. The elements of this site are protected by Intellectual Property laws and other laws that prohibit the total or partial copying of this material.<\/p>\n<p>This site may have some spelling mistakes, which will be corrected periodically with each update. This site can be accessed from anywhere in the world, products and services are promoted that are not necessarily offered in other countries.<\/p>\n<p><span style=\"color: #0c4a76;\"><strong>Confidential information:<\/strong><\/span> With the exception of your credit card number and personal information, such as name, telephone number and email, Renova Solutions Inc. does not want to receive more information than is necessary to carry out its commercial tasks of information and customer service.<\/p>\n<p>Any comment and information that is sent to Renova Solutions Inc. becomes part of our criteria, regardless of whether we use it or not, in our work system. Renova Solutions Inc. is not required to publish your name in any materials, however presented.<\/p>\n<p>Renova Solutions Inc. declares itself a neutral institution, has no favoritism or commercial preferences. Renova Solutions Inc. declares itself free to carry out any commercial operation that is within the framework of Mexican laws.<\/p>\n<p>[\/et_pb_text][\/et_pb_column][\/et_pb_row][\/et_pb_section][et_pb_section fb_built=&#8221;1&#8243; custom_padding_last_edited=&#8221;off|desktop&#8221; admin_label=&#8221;Footer&#8221; _builder_version=&#8221;4.20.4&#8243; use_background_color_gradient=&#8221;on&#8221; background_color_gradient_direction=&#8221;135deg&#8221; background_color_gradient_stops=&#8221;rgba(38,45,63,0.8) 0%|#0c4a76 99%&#8221; background_color_gradient_overlays_image=&#8221;on&#8221; background_color_gradient_start=&#8221;rgba(38,45,63,0.8)&#8221; background_color_gradient_end=&#8221;#262d3f&#8221; background_image=&#8221;https:\/\/renovasolution.com\/wp-content\/uploads\/2023\/06\/img-footer.jpg&#8221; custom_padding=&#8221;10vw||5vw||false|false&#8221; custom_padding_tablet=&#8221;170px||50px|&#8221; top_divider_style=&#8221;arrow&#8221; top_divider_color=&#8221;#FFFFFF&#8221; top_divider_height=&#8221;5vw&#8221; top_divider_style_last_edited=&#8221;off|phone&#8221; top_divider_height_tablet=&#8221;80px&#8221; top_divider_height_phone=&#8221;80px&#8221; top_divider_height_last_edited=&#8221;off|desktop&#8221; bottom_divider_color=&#8221;#ffffff&#8221; bottom_divider_height=&#8221;200px&#8221; bottom_divider_repeat=&#8221;2x&#8221; bottom_divider_arrangement=&#8221;above_content&#8221; global_colors_info=&#8221;{}&#8221; top_divider_height__hover_enabled=&#8221;on|hover&#8221; top_divider_height__hover=&#8221;7vw&#8221; global_module=&#8221;554&#8243; theme_builder_area=&#8221;post_content&#8221;][et_pb_row column_structure=&#8221;1_3,1_3,1_3&#8243; _builder_version=&#8221;4.20.4&#8243; global_colors_info=&#8221;{}&#8221; theme_builder_area=&#8221;post_content&#8221;][et_pb_column type=&#8221;1_3&#8243; _builder_version=&#8221;4.16&#8243; custom_padding=&#8221;|||&#8221; global_colors_info=&#8221;{}&#8221; custom_padding__hover=&#8221;|||&#8221; theme_builder_area=&#8221;post_content&#8221;][et_pb_image src=&#8221;https:\/\/renovasolution.com\/wp-content\/uploads\/2023\/06\/logo-immex.png&#8221; title_text=&#8221;logo-immex&#8221; _builder_version=&#8221;4.20.4&#8243; _module_preset=&#8221;default&#8221; global_colors_info=&#8221;{}&#8221; theme_builder_area=&#8221;post_content&#8221;][\/et_pb_image][\/et_pb_column][et_pb_column type=&#8221;1_3&#8243; _builder_version=&#8221;4.16&#8243; custom_padding=&#8221;|||&#8221; global_colors_info=&#8221;{}&#8221; custom_padding__hover=&#8221;|||&#8221; theme_builder_area=&#8221;post_content&#8221;][et_pb_image src=&#8221;https:\/\/renovasolution.com\/wp-content\/uploads\/2023\/06\/logo-semarnat.png&#8221; title_text=&#8221;logo-semarnat&#8221; _builder_version=&#8221;4.20.4&#8243; _module_preset=&#8221;default&#8221; global_colors_info=&#8221;{}&#8221; theme_builder_area=&#8221;post_content&#8221;][\/et_pb_image][\/et_pb_column][et_pb_column type=&#8221;1_3&#8243; _builder_version=&#8221;4.16&#8243; custom_padding=&#8221;|||&#8221; global_colors_info=&#8221;{}&#8221; custom_padding__hover=&#8221;|||&#8221; theme_builder_area=&#8221;post_content&#8221;][et_pb_image src=&#8221;https:\/\/renovasolution.com\/wp-content\/uploads\/2023\/06\/logo-se.png&#8221; title_text=&#8221;logo-se&#8221; _builder_version=&#8221;4.20.4&#8243; _module_preset=&#8221;default&#8221; global_colors_info=&#8221;{}&#8221; theme_builder_area=&#8221;post_content&#8221;][\/et_pb_image][\/et_pb_column][\/et_pb_row][\/et_pb_section]<\/p>\n","protected":false},"excerpt":{"rendered":"<p>Copyright \u2013 All Rights ReservedRenova Solutions Inc. makes information available to you; materials and products on this site, subject to the following terms and conditions. By entering our site you agree to all the terms and conditions defined on this page. Renova Solutions Inc. reserves the right to change these terms and conditions when necessary. [&hellip;]<\/p>\n","protected":false},"author":1,"featured_media":0,"parent":0,"menu_order":6,"comment_status":"closed","ping_status":"closed","template":"","meta":{"_et_pb_use_builder":"on","_et_pb_old_content":"","_et_gb_content_width":"","footnotes":""},"class_list":["post-909","page","type-page","status-publish","hentry"],"yoast_head":"<!-- This site is optimized with the Yoast SEO plugin v27.5 - https:\/\/yoast.com\/product\/yoast-seo-wordpress\/ -->\n<title>Copyright - Renova Solutions Inc : Reciclaje de Electr\u00f3nicos y C\u00f3mputo<\/title>\n<meta name=\"robots\" content=\"index, follow, max-snippet:-1, max-image-preview:large, max-video-preview:-1\" \/>\n<link rel=\"canonical\" href=\"https:\/\/renovasolution.com\/en\/copyright\/\" \/>\n<meta property=\"og:locale\" content=\"en_US\" \/>\n<meta property=\"og:type\" content=\"article\" \/>\n<meta property=\"og:title\" content=\"Copyright - Renova Solutions Inc : Reciclaje de Electr\u00f3nicos y C\u00f3mputo\" \/>\n<meta property=\"og:description\" content=\"Copyright \u2013 All Rights ReservedRenova Solutions Inc. makes information available to you; materials and products on this site, subject to the following terms and conditions. By entering our site you agree to all the terms and conditions defined on this page. Renova Solutions Inc. reserves the right to change these terms and conditions when necessary. [&hellip;]\" \/>\n<meta property=\"og:url\" content=\"https:\/\/renovasolution.com\/en\/copyright\/\" \/>\n<meta property=\"og:site_name\" content=\"Renova Solutions Inc : Reciclaje de Electr\u00f3nicos y C\u00f3mputo\" \/>\n<meta property=\"article:modified_time\" content=\"2023-08-15T23:50:30+00:00\" \/>\n<meta property=\"og:image\" content=\"https:\/\/renovasolution.com\/wp-content\/uploads\/2023\/08\/renova-solutions-llc.jpg\" \/>\n\t<meta property=\"og:image:width\" content=\"1200\" \/>\n\t<meta property=\"og:image:height\" content=\"675\" \/>\n\t<meta property=\"og:image:type\" content=\"image\/jpeg\" \/>\n<meta name=\"twitter:card\" content=\"summary_large_image\" \/>\n<meta name=\"twitter:label1\" content=\"Est. reading time\" \/>\n\t<meta name=\"twitter:data1\" content=\"5 minutes\" \/>\n<script type=\"application\/ld+json\" class=\"yoast-schema-graph\">{\"@context\":\"https:\\\/\\\/schema.org\",\"@graph\":[{\"@type\":\"WebPage\",\"@id\":\"https:\\\/\\\/renovasolution.com\\\/en\\\/copyright\\\/\",\"url\":\"https:\\\/\\\/renovasolution.com\\\/en\\\/copyright\\\/\",\"name\":\"Copyright - Renova Solutions Inc : Reciclaje de Electr\u00f3nicos y C\u00f3mputo\",\"isPartOf\":{\"@id\":\"https:\\\/\\\/renovasolution.com\\\/en\\\/#website\"},\"datePublished\":\"2020-06-25T23:55:49+00:00\",\"dateModified\":\"2023-08-15T23:50:30+00:00\",\"breadcrumb\":{\"@id\":\"https:\\\/\\\/renovasolution.com\\\/en\\\/copyright\\\/#breadcrumb\"},\"inLanguage\":\"en-US\",\"potentialAction\":[{\"@type\":\"ReadAction\",\"target\":[\"https:\\\/\\\/renovasolution.com\\\/en\\\/copyright\\\/\"]}]},{\"@type\":\"BreadcrumbList\",\"@id\":\"https:\\\/\\\/renovasolution.com\\\/en\\\/copyright\\\/#breadcrumb\",\"itemListElement\":[{\"@type\":\"ListItem\",\"position\":1,\"name\":\"Inicio\",\"item\":\"https:\\\/\\\/renovasolution.com\\\/en\\\/home\\\/\"},{\"@type\":\"ListItem\",\"position\":2,\"name\":\"Copyright\"}]},{\"@type\":\"WebSite\",\"@id\":\"https:\\\/\\\/renovasolution.com\\\/en\\\/#website\",\"url\":\"https:\\\/\\\/renovasolution.com\\\/en\\\/\",\"name\":\"Renova Solutions Inc : Reciclaje de Electr\u00f3nicos y C\u00f3mputo\",\"description\":\"Reciclaje de Electr\u00f3nicos y C\u00f3mputo\",\"publisher\":{\"@id\":\"https:\\\/\\\/renovasolution.com\\\/en\\\/#organization\"},\"alternateName\":\"Renova Solutions Inc : Reciclaje de Electr\u00f3nicos y C\u00f3mputo\",\"potentialAction\":[{\"@type\":\"SearchAction\",\"target\":{\"@type\":\"EntryPoint\",\"urlTemplate\":\"https:\\\/\\\/renovasolution.com\\\/en\\\/?s={search_term_string}\"},\"query-input\":{\"@type\":\"PropertyValueSpecification\",\"valueRequired\":true,\"valueName\":\"search_term_string\"}}],\"inLanguage\":\"en-US\"},{\"@type\":\"Organization\",\"@id\":\"https:\\\/\\\/renovasolution.com\\\/en\\\/#organization\",\"name\":\"Renova Solutions Inc : Reciclaje de Electr\u00f3nicos y C\u00f3mputo\",\"alternateName\":\"Renova Solutions Inc : Reciclaje de Electr\u00f3nicos y C\u00f3mputo\",\"url\":\"https:\\\/\\\/renovasolution.com\\\/en\\\/\",\"logo\":{\"@type\":\"ImageObject\",\"inLanguage\":\"en-US\",\"@id\":\"https:\\\/\\\/renovasolution.com\\\/en\\\/#\\\/schema\\\/logo\\\/image\\\/\",\"url\":\"https:\\\/\\\/renovasolution.com\\\/wp-content\\\/uploads\\\/2023\\\/05\\\/logo-renova-soluciones-color.png\",\"contentUrl\":\"https:\\\/\\\/renovasolution.com\\\/wp-content\\\/uploads\\\/2023\\\/05\\\/logo-renova-soluciones-color.png\",\"width\":295,\"height\":80,\"caption\":\"Renova Solutions Inc : Reciclaje de Electr\u00f3nicos y C\u00f3mputo\"},\"image\":{\"@id\":\"https:\\\/\\\/renovasolution.com\\\/en\\\/#\\\/schema\\\/logo\\\/image\\\/\"}}]}<\/script>\n<!-- \/ Yoast SEO plugin. -->","yoast_head_json":{"title":"Copyright - Renova Solutions Inc : Reciclaje de Electr\u00f3nicos y C\u00f3mputo","robots":{"index":"index","follow":"follow","max-snippet":"max-snippet:-1","max-image-preview":"max-image-preview:large","max-video-preview":"max-video-preview:-1"},"canonical":"https:\/\/renovasolution.com\/en\/copyright\/","og_locale":"en_US","og_type":"article","og_title":"Copyright - Renova Solutions Inc : Reciclaje de Electr\u00f3nicos y C\u00f3mputo","og_description":"Copyright \u2013 All Rights ReservedRenova Solutions Inc. makes information available to you; materials and products on this site, subject to the following terms and conditions. By entering our site you agree to all the terms and conditions defined on this page. Renova Solutions Inc. reserves the right to change these terms and conditions when necessary. [&hellip;]","og_url":"https:\/\/renovasolution.com\/en\/copyright\/","og_site_name":"Renova Solutions Inc : Reciclaje de Electr\u00f3nicos y C\u00f3mputo","article_modified_time":"2023-08-15T23:50:30+00:00","og_image":[{"width":1200,"height":675,"url":"https:\/\/renovasolution.com\/wp-content\/uploads\/2023\/08\/renova-solutions-llc.jpg","type":"image\/jpeg"}],"twitter_card":"summary_large_image","twitter_misc":{"Est. reading time":"5 minutes"},"schema":{"@context":"https:\/\/schema.org","@graph":[{"@type":"WebPage","@id":"https:\/\/renovasolution.com\/en\/copyright\/","url":"https:\/\/renovasolution.com\/en\/copyright\/","name":"Copyright - Renova Solutions Inc : Reciclaje de Electr\u00f3nicos y C\u00f3mputo","isPartOf":{"@id":"https:\/\/renovasolution.com\/en\/#website"},"datePublished":"2020-06-25T23:55:49+00:00","dateModified":"2023-08-15T23:50:30+00:00","breadcrumb":{"@id":"https:\/\/renovasolution.com\/en\/copyright\/#breadcrumb"},"inLanguage":"en-US","potentialAction":[{"@type":"ReadAction","target":["https:\/\/renovasolution.com\/en\/copyright\/"]}]},{"@type":"BreadcrumbList","@id":"https:\/\/renovasolution.com\/en\/copyright\/#breadcrumb","itemListElement":[{"@type":"ListItem","position":1,"name":"Inicio","item":"https:\/\/renovasolution.com\/en\/home\/"},{"@type":"ListItem","position":2,"name":"Copyright"}]},{"@type":"WebSite","@id":"https:\/\/renovasolution.com\/en\/#website","url":"https:\/\/renovasolution.com\/en\/","name":"Renova Solutions Inc : Reciclaje de Electr\u00f3nicos y C\u00f3mputo","description":"Reciclaje de Electr\u00f3nicos y C\u00f3mputo","publisher":{"@id":"https:\/\/renovasolution.com\/en\/#organization"},"alternateName":"Renova Solutions Inc : Reciclaje de Electr\u00f3nicos y C\u00f3mputo","potentialAction":[{"@type":"SearchAction","target":{"@type":"EntryPoint","urlTemplate":"https:\/\/renovasolution.com\/en\/?s={search_term_string}"},"query-input":{"@type":"PropertyValueSpecification","valueRequired":true,"valueName":"search_term_string"}}],"inLanguage":"en-US"},{"@type":"Organization","@id":"https:\/\/renovasolution.com\/en\/#organization","name":"Renova Solutions Inc : Reciclaje de Electr\u00f3nicos y C\u00f3mputo","alternateName":"Renova Solutions Inc : Reciclaje de Electr\u00f3nicos y C\u00f3mputo","url":"https:\/\/renovasolution.com\/en\/","logo":{"@type":"ImageObject","inLanguage":"en-US","@id":"https:\/\/renovasolution.com\/en\/#\/schema\/logo\/image\/","url":"https:\/\/renovasolution.com\/wp-content\/uploads\/2023\/05\/logo-renova-soluciones-color.png","contentUrl":"https:\/\/renovasolution.com\/wp-content\/uploads\/2023\/05\/logo-renova-soluciones-color.png","width":295,"height":80,"caption":"Renova Solutions Inc : Reciclaje de Electr\u00f3nicos y C\u00f3mputo"},"image":{"@id":"https:\/\/renovasolution.com\/en\/#\/schema\/logo\/image\/"}}]}},"_links":{"self":[{"href":"https:\/\/renovasolution.com\/en\/wp-json\/wp\/v2\/pages\/909","targetHints":{"allow":["GET"]}}],"collection":[{"href":"https:\/\/renovasolution.com\/en\/wp-json\/wp\/v2\/pages"}],"about":[{"href":"https:\/\/renovasolution.com\/en\/wp-json\/wp\/v2\/types\/page"}],"author":[{"embeddable":true,"href":"https:\/\/renovasolution.com\/en\/wp-json\/wp\/v2\/users\/1"}],"replies":[{"embeddable":true,"href":"https:\/\/renovasolution.com\/en\/wp-json\/wp\/v2\/comments?post=909"}],"version-history":[{"count":5,"href":"https:\/\/renovasolution.com\/en\/wp-json\/wp\/v2\/pages\/909\/revisions"}],"predecessor-version":[{"id":930,"href":"https:\/\/renovasolution.com\/en\/wp-json\/wp\/v2\/pages\/909\/revisions\/930"}],"wp:attachment":[{"href":"https:\/\/renovasolution.com\/en\/wp-json\/wp\/v2\/media?parent=909"}],"curies":[{"name":"wp","href":"https:\/\/api.w.org\/{rel}","templated":true}]}}